{"id":5313,"date":"2022-07-22T18:05:32","date_gmt":"2022-07-22T18:05:32","guid":{"rendered":"https:\/\/accesbeyond.org?post_type=product&#038;p=5313"},"modified":"2023-06-23T16:26:09","modified_gmt":"2023-06-23T16:26:09","slug":"hsk-ages-6","status":"publish","type":"product","link":"https:\/\/accesbeyond.org\/en\/program\/hsk-ages-6\/","title":{"rendered":"HSK (Ages: 6+) (Not Available)"},"content":{"rendered":"<p>Basketball Skills Training:<br \/>\nFall Session: Sept &#8211; Nov<br \/>\nWinter Session: Jan &#8211; Feb<br \/>\nSpring Session: Apr &#8211; May<br \/>\nSummer Session: July &#8211; Aug<br \/>\nAges: 6 &#8211; 7 \/ 8 &#8211; 9<br \/>\nDuration: 8 Weeks \/ 8 Sessions ($205:)<\/p>\n<p>When\/Time:<br \/>\nSaturdays (12 pm &#8211; 1 pm; ages 6 &#8211; 7)<br \/>\nSaturdays (1 pm &#8211; 2 pm; ages: 8 &#8211; 9)<\/p>\n<p>Where:<br \/>\nEdmonton Expo Centre<br \/>\n7515 &#8211; 118 Ave, Edmonton<\/p>\n<p>Note: We are NOT offering refunds for POSTPONE programs at this time, credits\/registration fees are applied to future schedule programs within a calendar year!<\/p>\n<p>For safety precautions, we will be following the AHS guidelines and TNBA COVID-19 special precautions during our programs.<\/p>\n","protected":false},"excerpt":{"rendered":"<p class=\"font_8\">Mesaj de la director: \u0218coala chinez\u0103 ACCES a trecut prin mai mult de 20 de ani. Acum trei ani, numele chinezesc al \u0219colii a fost schimbat oficial \u00een \u201eDincolo de \u0219coala chinez\u0103\u201d. Icoana noastr\u0103 este soarele \u0219i micul copac compus din ini\u021bialele celor dou\u0103 personaje \u201edincolo\u201d. Aici, sper sincer c\u0103 copiii no\u0219tri chinezi care iubesc ora\u0219ul, la fel ca acest copac colorat, pot prospera, cre\u0219te s\u0103n\u0103to\u0219i \u0219i ferici\u021bi sub str\u0103lucirea soarelui. \u0218coala noastr\u0103 chinez\u0103 este dispus\u0103 s\u0103 ofere<\/p>\n","protected":false},"featured_media":5311,"template":"elementor_theme","meta":{"inline_featured_image":false},"product_brand":[],"product_cat":[15],"product_tag":[],"class_list":{"0":"post-5313","1":"product","2":"type-product","3":"status-publish","4":"has-post-thumbnail","6":"product_cat-uncategorized","8":"first","9":"instock","10":"shipping-taxable","11":"purchasable","12":"product-type-simple"},"_links":{"self":[{"href":"https:\/\/accesbeyond.org\/en\/wp-json\/wp\/v2\/product\/5313","targetHints":{"allow":["GET"]}}],"collection":[{"href":"https:\/\/accesbeyond.org\/en\/wp-json\/wp\/v2\/product"}],"about":[{"href":"https:\/\/accesbeyond.org\/en\/wp-json\/wp\/v2\/types\/product"}],"version-history":[{"count":0,"href":"https:\/\/accesbeyond.org\/en\/wp-json\/wp\/v2\/product\/5313\/revisions"}],"wp:featuredmedia":[{"embeddable":true,"href":"https:\/\/accesbeyond.org\/en\/wp-json\/wp\/v2\/media\/5311"}],"wp:attachment":[{"href":"https:\/\/accesbeyond.org\/en\/wp-json\/wp\/v2\/media?parent=5313"}],"wp:term":[{"taxonomy":"product_brand","embeddable":true,"href":"https:\/\/accesbeyond.org\/en\/wp-json\/wp\/v2\/product_brand?post=5313"},{"taxonomy":"product_cat","embeddable":true,"href":"https:\/\/accesbeyond.org\/en\/wp-json\/wp\/v2\/product_cat?post=5313"},{"taxonomy":"product_tag","embeddable":true,"href":"https:\/\/accesbeyond.org\/en\/wp-json\/wp\/v2\/product_tag?post=5313"}],"curies":[{"name":"wp","href":"https:\/\/api.w.org\/{rel}","templated":true}]}}